{"id":4666,"date":"2025-08-15T17:51:07","date_gmt":"2025-08-15T17:51:07","guid":{"rendered":"https:\/\/cyberdom.qodeinteractive.com\/?page_id=4666"},"modified":"2025-08-31T05:27:38","modified_gmt":"2025-08-31T05:27:38","slug":"ponerse-en-contacto","status":"publish","type":"page","link":"https:\/\/swisshosting.io\/es\/ponerse-en-contacto\/","title":{"rendered":"P\u00f3ngase en contacto con los expertos suizos en alojamiento"},"content":{"rendered":"<div data-elementor-type=\"wp-page\" data-elementor-id=\"4666\" class=\"elementor elementor-4666\" data-elementor-post-type=\"page\">\n\t\t\t\t<div class=\"elementor-element elementor-element-8b61747 e-flex e-con-boxed e-con e-parent\" data-id=\"8b61747\" data-element_type=\"container\">\n\t\t\t\t\t<div class=\"e-con-inner\">\n\t\t\t\t\t<\/div>\n\t\t\t\t<\/div>\n\t\t\t\t<section class=\"elementor-section elementor-top-section elementor-element elementor-element-186f643 elementor-section-boxed elementor-section-height-default elementor-section-height-default qodef-gradient-background--no qodef-elementor-content-no\" data-id=\"186f643\" data-element_type=\"section\">\n\t\t\t\t\t\t<div class=\"elementor-container elementor-column-gap-default\">\n\t\t\t\t\t<div class=\"elementor-column elementor-col-50 elementor-top-column elementor-element elementor-element-b6866df qodef-gradient-background-column--no\" data-id=\"b6866df\" data-element_type=\"column\">\n\t\t\t<div class=\"elementor-widget-wrap elementor-element-populated\">\n\t\t\t\t\t\t<div class=\"elementor-element elementor-element-cfb21ac elementor-widget__width-initial elementor-widget elementor-widget-cyberdom_core_section_title\" data-id=\"cfb21ac\" data-element_type=\"widget\" data-widget_type=\"cyberdom_core_section_title.default\">\n\t\t\t\t<div class=\"elementor-widget-container\">\n\t\t\t\t\t<div class=\"qodef-shortcode qodef-m  qodef-section-title qodef-alignment--left  qodef-appear-animation--no\">\n\t    <div class=\"qodef-m-subtitle-holder\" style=\"margin-bottom: 6px\">\n        <span class=\"qodef-m-subtitle\" >\n            CONTACTO        <\/span>\n    <\/div>\n\t    <div class=\"qodef-m-title-holder\">\n        <h1 class=\"qodef-m-title\" >\n                            ALOJAMIENTO SUIZO                    <\/h1>\n    <\/div>\n\t    <div class=\"qodef-m-description-holder\" style=\"max-width: 350px;margin-top: 11px\">\n\t    <p class=\"qodef-m-description\" >Todas las consultas se responder\u00e1n en un plazo de 24 horas. Si es usted cliente, env\u00ede un ticket a su panel.\n\n<\/p>\n    <\/div>\n\t<\/div>\n\t\t\t\t<\/div>\n\t\t\t\t<\/div>\n\t\t\t\t<div class=\"elementor-element elementor-element-938819e elementor-widget elementor-widget-text-editor\" data-id=\"938819e\" data-element_type=\"widget\" data-widget_type=\"text-editor.default\">\n\t\t\t\t<div class=\"elementor-widget-container\">\n\t\t\t\t\t\t\t\t\t<p>N\u00famero de tel\u00e9fono<\/p><div class=\"inform\"><div class=\"description seccolor\">+41-43-550-7863<\/div><\/div>\t\t\t\t\t\t\t\t<\/div>\n\t\t\t\t<\/div>\n\t\t\t\t<div class=\"elementor-element elementor-element-592fe18 elementor-widget__width-auto elementor-widget elementor-widget-cyberdom_core_button\" data-id=\"592fe18\" data-element_type=\"widget\" data-widget_type=\"cyberdom_core_button.default\">\n\t\t\t\t<div class=\"elementor-widget-container\">\n\t\t\t\t\t<a class=\"qodef-shortcode qodef-m  qodef-button qodef-layout--circle      qodef-html--link\" href=\"https:\/\/support.swisshosting.io\/index.php?\/clientarea\/&#038;_ga=2.93913113.560227816.1688880528-1834773031.1670985187\" target=\"_self\"  >\n\t<span class=\"qodef-m-text\">Acceso de clientes<\/span>\n<\/a>\n\t\t\t\t<\/div>\n\t\t\t\t<\/div>\n\t\t\t\t\t<\/div>\n\t\t<\/div>\n\t\t\t\t<div class=\"elementor-column elementor-col-50 elementor-top-column elementor-element elementor-element-6261b86 qodef-gradient-background-column--no\" data-id=\"6261b86\" data-element_type=\"column\" data-settings=\"{&quot;background_background&quot;:&quot;classic&quot;}\">\n\t\t\t<div class=\"elementor-widget-wrap elementor-element-populated\">\n\t\t\t\t\t<div class=\"elementor-background-overlay\"><\/div>\n\t\t\t\t\t\t<div class=\"elementor-element elementor-element-866c540 elementor-widget elementor-widget-wp-widget-cyberdom_core_contact_form_7\" data-id=\"866c540\" data-element_type=\"widget\" data-widget_type=\"wp-widget-cyberdom_core_contact_form_7.default\">\n\t\t\t\t<div class=\"elementor-widget-container\">\n\t\t\t\t\t\t\t\t<div class=\"qodef-contact-form-7\">\n\t\t\t\t\n<div class=\"wpcf7 no-js\" id=\"wpcf7-f5-o1\" lang=\"en-US\" dir=\"ltr\" data-wpcf7-id=\"5\">\n<div class=\"screen-reader-response\"><p role=\"status\" aria-live=\"polite\" aria-atomic=\"true\"><\/p> <ul><\/ul><\/div>\n<form action=\"\/es\/wp-json\/wp\/v2\/pages\/4666#wpcf7-f5-o1\" method=\"post\" class=\"wpcf7-form init\" aria-label=\"Formulario de contacto\" novalidate=\"novalidate\" data-status=\"init\" data-trp-original-action=\"\/es\/wp-json\/wp\/v2\/pages\/4666#wpcf7-f5-o1\">\n<fieldset class=\"hidden-fields-container\"><input type=\"hidden\" name=\"_wpcf7\" value=\"5\" \/><input type=\"hidden\" name=\"_wpcf7_version\" value=\"6.1.1\" \/><input type=\"hidden\" name=\"_wpcf7_locale\" value=\"en_US\" \/><input type=\"hidden\" name=\"_wpcf7_unit_tag\" value=\"wpcf7-f5-o1\" \/><input type=\"hidden\" name=\"_wpcf7_container_post\" value=\"0\" \/><input type=\"hidden\" name=\"_wpcf7_posted_data_hash\" value=\"\" \/>\n<\/fieldset>\n<div class=\"qodef-standard-form qodef-get-in-touch qodef-grid qodef-layout--columns\">\n<h4 class=\"qodef-form-title\">P\u00f3ngase en contacto con nosotros:<\/h4><div class=\"qodef-grid-inner\">\n<div class=\"qodef-grid-item\">\n<span class=\"wpcf7-form-control-wrap\" data-name=\"your-email\"><input size=\"40\" maxlength=\"400\" class=\"wpcf7-form-control wpcf7-email wpcf7-validates-as-required wpcf7-text wpcf7-validates-as-email\" aria-required=\"true\" aria-invalid=\"false\" placeholder=\"Correo electr\u00f3nico\" value=\"\" type=\"email\" name=\"your-email\" \/><\/span>\n<\/div>\n<div class=\"qodef-grid-item\">\n<span class=\"wpcf7-form-control-wrap\" data-name=\"your-name\"><input size=\"40\" maxlength=\"400\" class=\"wpcf7-form-control wpcf7-text wpcf7-validates-as-required\" aria-required=\"true\" aria-invalid=\"false\" placeholder=\"Nombre\" value=\"\" type=\"text\" name=\"your-name\" \/><\/span>\n<\/div>\n<\/div>\n<span class=\"wpcf7-form-control-wrap\" data-name=\"your-message\"><textarea cols=\"40\" rows=\"5\" maxlength=\"2000\" class=\"wpcf7-form-control wpcf7-textarea\" aria-invalid=\"false\" placeholder=\"Mensaje\" name=\"your-message\"><\/textarea><\/span>\n<\/div>\n<button class=\"wpcf7-form-control wpcf7-submit qodef-button qodef-size--normal qodef-layout--filled qodef-m\" type=\"submit\"><span class=\"qodef-m-text\">Enviar un mensaje<\/span><span class=\"qodef-m-arrow\"><svg xmlns=\"http:\/\/www.w3.org\/2000\/svg\" width=\"12.244\" height=\"12.23\" viewbox=\"0 0 12.244 12.23\"><g transform=\"translate(-1106.786 -10182.84)\"><path d=\"M-12242.786,3311.378h11.463v11.457\" transform=\"translate(13349.702 6872.112)\" fill=\"none\" stroke=\"currentColor\" stroke-width=\"1.3\"><\/path><line y1=\"11.108\" x2=\"11.258\" transform=\"translate(1107.242 10183.5)\" fill=\"none\" stroke=\"currentColor\" stroke-width=\"1.3\"><\/line><\/g><\/svg><svg xmlns=\"http:\/\/www.w3.org\/2000\/svg\" width=\"12.244\" height=\"12.23\" viewbox=\"0 0 12.244 12.23\"><g transform=\"translate(-1106.786 -10182.84)\"><path d=\"M-12242.786,3311.378h11.463v11.457\" transform=\"translate(13349.702 6872.112)\" fill=\"none\" stroke=\"currentColor\" stroke-width=\"1.3\"><\/path><line y1=\"11.108\" x2=\"11.258\" transform=\"translate(1107.242 10183.5)\" fill=\"none\" stroke=\"currentColor\" stroke-width=\"1.3\"><\/line><\/g><\/svg><\/span><\/button><div class=\"wpcf7-response-output\" aria-hidden=\"true\"><\/div>\n<input type=\"hidden\" name=\"trp-form-language\" value=\"es\"\/><\/form>\n<\/div>\n\t\t\t<\/div>\n\t\t\t\t\t\t\t<\/div>\n\t\t\t\t<\/div>\n\t\t\t\t<div class=\"elementor-element elementor-element-9753698 elementor-widget elementor-widget-spacer\" data-id=\"9753698\" data-element_type=\"widget\" data-widget_type=\"spacer.default\">\n\t\t\t\t<div class=\"elementor-widget-container\">\n\t\t\t\t\t\t\t<div class=\"elementor-spacer\">\n\t\t\t<div class=\"elementor-spacer-inner\"><\/div>\n\t\t<\/div>\n\t\t\t\t\t\t<\/div>\n\t\t\t\t<\/div>\n\t\t\t\t\t<\/div>\n\t\t<\/div>\n\t\t\t\t\t<\/div>\n\t\t<\/section>\n\t\t\t\t<\/div>","protected":false},"excerpt":{"rendered":"<p>CONTACTO SWISS HOSTING Todas las preguntas ser\u00e1n contestadas dentro de 24 horas. Si usted es un cliente, por favor env\u00ede un ticket en su panel. N\u00famero de tel\u00e9fono +41-43-550-7863 Client Log In<\/p>","protected":false},"author":2,"featured_media":0,"parent":0,"menu_order":0,"comment_status":"closed","ping_status":"closed","template":"page-full-width.php","meta":{"inline_featured_image":false,"_monsterinsights_skip_tracking":false,"_monsterinsights_sitenote_active":false,"_monsterinsights_sitenote_note":"","_monsterinsights_sitenote_category":0,"two_page_speed":{"current_score":{"desktop_score":95,"desktop_tti":"0.7\u00a0","mobile_score":97,"mobile_tti":"2.1\u00a0","date":"18.09.2023 06:35:18 am","status":"error_no_score"}},"footnotes":""},"class_list":["post-4666","page","type-page","status-publish","hentry"],"_links":{"self":[{"href":"https:\/\/swisshosting.io\/es\/wp-json\/wp\/v2\/pages\/4666","targetHints":{"allow":["GET"]}}],"collection":[{"href":"https:\/\/swisshosting.io\/es\/wp-json\/wp\/v2\/pages"}],"about":[{"href":"https:\/\/swisshosting.io\/es\/wp-json\/wp\/v2\/types\/page"}],"author":[{"embeddable":true,"href":"https:\/\/swisshosting.io\/es\/wp-json\/wp\/v2\/users\/2"}],"replies":[{"embeddable":true,"href":"https:\/\/swisshosting.io\/es\/wp-json\/wp\/v2\/comments?post=4666"}],"version-history":[{"count":46,"href":"https:\/\/swisshosting.io\/es\/wp-json\/wp\/v2\/pages\/4666\/revisions"}],"predecessor-version":[{"id":15420,"href":"https:\/\/swisshosting.io\/es\/wp-json\/wp\/v2\/pages\/4666\/revisions\/15420"}],"wp:attachment":[{"href":"https:\/\/swisshosting.io\/es\/wp-json\/wp\/v2\/media?parent=4666"}],"curies":[{"name":"wp","href":"https:\/\/api.w.org\/{rel}","templated":true}]}}